{"id":93,"date":"2021-12-31T14:11:56","date_gmt":"2021-12-31T13:11:56","guid":{"rendered":"https:\/\/mkfinance.fr\/?page_id=93"},"modified":"2024-10-15T22:11:22","modified_gmt":"2024-10-15T20:11:22","slug":"accueil","status":"publish","type":"page","link":"https:\/\/mkfinance.fr\/","title":{"rendered":"ACCUEIL"},"content":{"rendered":"<p>[et_pb_section fb_built=&#8221;1&#8243; fullwidth=&#8221;on&#8221; _builder_version=&#8221;4.16&#8243; _module_preset=&#8221;default&#8221; background_color=&#8221;#22394B&#8221; global_colors_info=&#8221;{}&#8221;][et_pb_fullwidth_header title=&#8221;Pour une comptabilit\u00e9 ludique !&#8221; subhead=&#8221;Votre Expert-comptable num\u00e9rique.&#8221; button_one_url=&#8221;\/#contact&#8221; _builder_version=&#8221;4.16&#8243; _module_preset=&#8221;default&#8221; title_font=&#8221;Montserrat||||||||&#8221; title_font_size=&#8221;40px&#8221; title_line_height=&#8221;2em&#8221; content_font=&#8221;Montserrat||||||||&#8221; content_font_size=&#8221;17px&#8221; content_line_height=&#8221;2em&#8221; subhead_font=&#8221;Montserrat||on||||||&#8221; subhead_font_size=&#8221;29px&#8221; subhead_line_height=&#8221;2em&#8221; background_color=&#8221;#22394B&#8221; background_color_gradient_start=&#8221;#22394b&#8221; background_color_gradient_end=&#8221;#0c71c3&#8243; background_image=&#8221;http:\/\/mkfinance.fr\/wp-content\/uploads\/2021\/12\/68395474667ae256ef34e61799344f6b.gif&#8221; background_size=&#8221;contain&#8221; background_position=&#8221;top_right&#8221; background_blend=&#8221;screen&#8221; custom_button_one=&#8221;on&#8221; button_one_border_width=&#8221;1px&#8221; button_one_border_radius=&#8221;0px&#8221; button_one_font=&#8221;Karla||||||||&#8221; min_height=&#8221;348px&#8221; custom_padding=&#8221;200px|0px|152px|||&#8221; animation_style=&#8221;fade&#8221; global_colors_info=&#8221;{}&#8221; button_one_text_color__hover_enabled=&#8221;on|desktop&#8221; button_one_text_color__hover=&#8221;#C9A969&#8243; button_one_border_color__hover_enabled=&#8221;on|desktop&#8221; button_one_border_color__hover=&#8221;RGBA(255,255,255,0)&#8221;]<\/p>\n<p>&nbsp;<\/p>\n<p>Nous optimisons vos proc\u00e9dures afin de vous proposer un accompagnement adapt\u00e9.<\/p>\n<p>Notre objectif est de vous lib\u00e9rer des t\u00e2ches administratives et de votre comptabilit\u00e9<\/p>\n<p>afin de vous recentrer sur votre c\u0153ur de m\u00e9tier.<\/p>\n<p>[\/et_pb_fullwidth_header][\/et_pb_section][et_pb_section fb_built=&#8221;1&#8243; _builder_version=&#8221;4.16&#8243; _module_preset=&#8221;default&#8221; background_color=&#8221;rgba(214,214,214,0.27)&#8221; custom_margin=&#8221;-1px||-13px|||&#8221; global_colors_info=&#8221;{}&#8221;][et_pb_row _builder_version=&#8221;4.16&#8243; _module_preset=&#8221;default&#8221; global_colors_info=&#8221;{}&#8221;][et_pb_column type=&#8221;4_4&#8243; _builder_version=&#8221;4.16&#8243; _module_preset=&#8221;default&#8221; global_colors_info=&#8221;{}&#8221;][et_pb_text _builder_version=&#8221;4.16&#8243; _module_preset=&#8221;default&#8221; text_font=&#8221;Montserrat|||on|||||&#8221; text_font_size=&#8221;21px&#8221; text_letter_spacing=&#8221;2px&#8221; text_line_height=&#8221;2em&#8221; text_orientation=&#8221;center&#8221; background_layout=&#8221;dark&#8221; animation_style=&#8221;fade&#8221; animation_duration=&#8221;1350ms&#8221; border_width_top=&#8221;5px&#8221; border_color_top=&#8221;#C9A969&#8243; border_width_bottom=&#8221;5px&#8221; border_color_bottom=&#8221;#C9A969&#8243; global_colors_info=&#8221;{}&#8221;]<\/p>\n<p><span style=\"color: #c9a969;\">UN ACCOMPAGNEMENT DE PROXIMITE A CHAQUE ETAPE<\/span><\/p>\n<p>[\/et_pb_text][\/et_pb_column][\/et_pb_row][et_pb_row column_structure=&#8221;1_4,1_4,1_4,1_4&#8243; _builder_version=&#8221;4.16&#8243; _module_preset=&#8221;default&#8221; custom_padding=&#8221;||5px|||&#8221; animation_style=&#8221;fade&#8221; animation_duration=&#8221;1350ms&#8221; global_colors_info=&#8221;{}&#8221;][et_pb_column type=&#8221;1_4&#8243; _builder_version=&#8221;4.16&#8243; _module_preset=&#8221;default&#8221; global_colors_info=&#8221;{}&#8221;][et_pb_image src=&#8221;http:\/\/mkfinance.fr\/wp-content\/uploads\/2022\/01\/IMG-20220124-WA0004.jpg&#8221; title_text=&#8221;IMG-20220124-WA0004&#8243; _builder_version=&#8221;4.16&#8243; _module_preset=&#8221;default&#8221; animation_style=&#8221;fade&#8221; border_radii=&#8221;on|171px|171px|171px|171px&#8221; border_color_all=&#8221;#C9A969&#8243; global_colors_info=&#8221;{}&#8221; border_width_all__hover_enabled=&#8221;on|hover&#8221; border_width_all__hover=&#8221;5px&#8221;][\/et_pb_image][et_pb_text _builder_version=&#8221;4.16&#8243; _module_preset=&#8221;default&#8221; text_font=&#8221;Montserrat|||||on|||&#8221; text_text_color=&#8221;#C9A969&#8243; text_font_size=&#8221;14px&#8221; text_line_height=&#8221;2em&#8221; header_3_font=&#8221;Montserrat|||on|||||&#8221; header_3_text_align=&#8221;justify&#8221; header_3_text_color=&#8221;#C9A969&#8243; header_3_font_size=&#8221;14px&#8221; header_3_line_height=&#8221;1.5em&#8221; header_5_font_size=&#8221;14px&#8221; text_orientation=&#8221;justified&#8221; background_layout=&#8221;dark&#8221; custom_margin=&#8221;|-29px||||&#8221; custom_padding=&#8221;|5px||||&#8221; animation_style=&#8221;fade&#8221; global_colors_info=&#8221;{}&#8221;]<\/p>\n<h3><span style=\"color: #22394b;\">Une id\u00e9e valid\u00e9e, un march\u00e9 cibl\u00e9 : LANCEZ votre business<\/span><\/h3>\n<p><span style=\"color: #22394b;\"><\/span><\/p>\n<p><span style=\"color: #22394b;\">Tout d&#8217;abord, nos \u00e9quipes vous accompagnent dans l&#8217;\u00e9laboration de votre <strong>business plan, le financement, la croissance, la gestion des ressources humaine<\/strong> de votre structure avec un accompagnement de proximit\u00e9 du dirigeant.<\/span><span style=\"color: #ffcc00;\"><\/span><\/p>\n<p>[\/et_pb_text][\/et_pb_column][et_pb_column type=&#8221;1_4&#8243; _builder_version=&#8221;4.16&#8243; _module_preset=&#8221;default&#8221; global_colors_info=&#8221;{}&#8221;][et_pb_image src=&#8221;http:\/\/mkfinance.fr\/wp-content\/uploads\/2022\/01\/IMG-20220124-WA0007.jpg&#8221; title_text=&#8221;IMG-20220124-WA0007&#8243; _builder_version=&#8221;4.16&#8243; _module_preset=&#8221;default&#8221; animation_style=&#8221;fade&#8221; animation_duration=&#8221;1100ms&#8221; border_radii=&#8221;on|171px|171px|171px|171px&#8221; border_color_all=&#8221;#C9A969&#8243; global_colors_info=&#8221;{}&#8221; border_width_all__hover_enabled=&#8221;on|hover&#8221; border_width_all__hover=&#8221;5px&#8221;][\/et_pb_image][et_pb_text _builder_version=&#8221;4.16&#8243; _module_preset=&#8221;default&#8221; text_font=&#8221;Montserrat|||||on|||&#8221; text_text_color=&#8221;#FFFFFF&#8221; text_font_size=&#8221;14px&#8221; text_line_height=&#8221;2em&#8221; header_3_font=&#8221;Montserrat|||on|||||&#8221; header_3_text_align=&#8221;justify&#8221; header_3_text_color=&#8221;#FFFFFF&#8221; header_3_font_size=&#8221;15px&#8221; header_3_line_height=&#8221;1.5em&#8221; header_5_font_size=&#8221;14px&#8221; text_orientation=&#8221;justified&#8221; background_layout=&#8221;dark&#8221; custom_margin=&#8221;|-29px||||&#8221; custom_padding=&#8221;|12px||||&#8221; animation_style=&#8221;fade&#8221; animation_duration=&#8221;1100ms&#8221; global_colors_info=&#8221;{}&#8221;]<\/p>\n<h3><span style=\"color: #22394b;\">L&#8217;ACTIVIT\u00e9 LANC\u00e9e : OPTIMISEZ VOTRE BUSINESS<\/span><\/h3>\n<p><span style=\"color: #22394b;\"><strong><\/strong><\/span><\/p>\n<p><span style=\"color: #22394b;\">Par la suite, confiez la gestion de vos fonctions support (comptabilit\u00e9, fiscalit\u00e9, social et juridique). Une <strong>analyse de votre activit\u00e9 pour une optimisation de vos proc\u00e9dures<\/strong> au travers d&#8217;un benchmark des outils et <strong>process adapt\u00e9 \u00e0 votre entreprise<\/strong>.<\/span><\/p>\n<p><span style=\"color: #22394b;\"><strong>\u00a0<\/strong><\/span><\/p>\n<p><span style=\"color: #ffcc00;\"><\/span><\/p>\n<p>[\/et_pb_text][\/et_pb_column][et_pb_column type=&#8221;1_4&#8243; _builder_version=&#8221;4.16&#8243; _module_preset=&#8221;default&#8221; global_colors_info=&#8221;{}&#8221;][et_pb_image src=&#8221;http:\/\/mkfinance.fr\/wp-content\/uploads\/2022\/01\/IMG-20220124-WA0005.jpg&#8221; title_text=&#8221;IMG-20220124-WA0005&#8243; _builder_version=&#8221;4.16&#8243; _module_preset=&#8221;default&#8221; custom_margin=&#8221;||13px|||&#8221; animation_style=&#8221;fade&#8221; animation_duration=&#8221;1200ms&#8221; border_radii=&#8221;on|171px|171px|171px|171px&#8221; border_color_all=&#8221;#C9A969&#8243; global_colors_info=&#8221;{}&#8221; border_width_all__hover_enabled=&#8221;on|hover&#8221; border_width_all__hover=&#8221;5px&#8221;][\/et_pb_image][et_pb_text _builder_version=&#8221;4.16&#8243; _module_preset=&#8221;default&#8221; text_font=&#8221;Montserrat|||||on|||&#8221; text_text_color=&#8221;#FFFFFF&#8221; text_font_size=&#8221;14px&#8221; text_line_height=&#8221;2em&#8221; header_3_font=&#8221;Montserrat|||on|||||&#8221; header_3_text_align=&#8221;justify&#8221; header_3_text_color=&#8221;#FFFFFF&#8221; header_3_font_size=&#8221;14px&#8221; header_3_line_height=&#8221;1.5em&#8221; header_5_font_size=&#8221;14px&#8221; transform_translate=&#8221;-1px|16px&#8221; text_orientation=&#8221;justified&#8221; background_layout=&#8221;dark&#8221; width=&#8221;106.2%&#8221; custom_margin=&#8221;|-29px||||&#8221; custom_padding=&#8221;|0px|0px|||&#8221; animation_style=&#8221;fade&#8221; animation_duration=&#8221;1200ms&#8221; global_colors_info=&#8221;{}&#8221;]<\/p>\n<h3><span style=\"color: #22394b;\">L&#8217;activit\u00e9 se developpe : p\u00e9rennisez votre business<\/span><\/h3>\n<p><span style=\"font-size: medium;\"><span style=\"color: #22394b;\"><\/span><\/span><\/p>\n<p><span style=\"color: #22394b;\">Puis, p\u00e9rennisez votre activit\u00e9 , anticipez, respectez vos obligations et fa\u00eetes \u00e9voluer votre structure. Nos \u00e9quipes se chargent \u00e9galement de la <strong>formation de votre personnel<\/strong> pour une <strong>optimisation des fonctions support<\/strong>.<\/span><\/p>\n<p>[\/et_pb_text][\/et_pb_column][et_pb_column type=&#8221;1_4&#8243; _builder_version=&#8221;4.16&#8243; _module_preset=&#8221;default&#8221; global_colors_info=&#8221;{}&#8221;][et_pb_image src=&#8221;http:\/\/mkfinance.fr\/wp-content\/uploads\/2022\/01\/IMG-20220124-WA0006.jpg&#8221; title_text=&#8221;IMG-20220124-WA0006&#8243; _builder_version=&#8221;4.16&#8243; _module_preset=&#8221;default&#8221; background_color=&#8221;RGBA(255,255,255,0)&#8221; custom_margin=&#8221;1px||24px|||&#8221; mix_blend_mode=&#8221;screen&#8221; animation_style=&#8221;fade&#8221; animation_duration=&#8221;1300ms&#8221; border_radii=&#8221;on|171px|171px|171px|171px&#8221; border_color_all=&#8221;#C9A969&#8243; global_colors_info=&#8221;{}&#8221; border_width_all__hover_enabled=&#8221;on|hover&#8221; border_width_all__hover=&#8221;5px&#8221;][\/et_pb_image][et_pb_text _builder_version=&#8221;4.16&#8243; _module_preset=&#8221;default&#8221; text_font=&#8221;Montserrat|||||on|||&#8221; text_text_color=&#8221;#C9A969&#8243; text_font_size=&#8221;14px&#8221; text_line_height=&#8221;2em&#8221; header_3_font=&#8221;Montserrat|||on|||||&#8221; header_3_text_align=&#8221;justify&#8221; header_3_text_color=&#8221;#C9A969&#8243; header_3_font_size=&#8221;15px&#8221; header_3_line_height=&#8221;1.5em&#8221; header_5_font_size=&#8221;14px&#8221; text_orientation=&#8221;justified&#8221; background_layout=&#8221;dark&#8221; custom_margin=&#8221;|-51px|||false|false&#8221; custom_padding=&#8221;|40px|0px|||&#8221; animation_style=&#8221;fade&#8221; animation_duration=&#8221;1300ms&#8221; global_colors_info=&#8221;{}&#8221;]<\/p>\n<h3 style=\"text-align: justify;\"><span style=\"color: #22394b;\">PENSEZ \u00e0 la retraite : transmettez LA SOCIETE<\/span><\/h3>\n<p style=\"text-align: justify;\"><span style=\"color: #22394b;\"><strong><\/strong><\/span><\/p>\n<p style=\"text-align: justify;\"><span style=\"color: #22394b;\">Enfin, pr\u00e9parez votre avenir, faites <strong>\u00e9valuer votre entreprise<\/strong>, <strong>anticipez votre fiscalit\u00e9<\/strong> et mettez en place une <strong>strat\u00e9gie patrimoniale<\/strong>. S\u00e9curisez votre retraite.<\/span><\/p>\n<p>[\/et_pb_text][\/et_pb_column][\/et_pb_row][\/et_pb_section][et_pb_section fb_built=&#8221;1&#8243; _builder_version=&#8221;4.16&#8243; _module_preset=&#8221;default&#8221; background_color=&#8221;rgba(214,214,214,0.27)&#8221; min_height=&#8221;375.6px&#8221; custom_margin=&#8221;12px||1px|||&#8221; custom_padding=&#8221;2px||5px|||&#8221; global_colors_info=&#8221;{}&#8221;][et_pb_row _builder_version=&#8221;4.16&#8243; _module_preset=&#8221;default&#8221; global_colors_info=&#8221;{}&#8221;][et_pb_column type=&#8221;4_4&#8243; _builder_version=&#8221;4.16&#8243; _module_preset=&#8221;default&#8221; global_colors_info=&#8221;{}&#8221;][et_pb_text _builder_version=&#8221;4.16&#8243; _module_preset=&#8221;default&#8221; text_font=&#8221;Montserrat|||on|||||&#8221; text_font_size=&#8221;21px&#8221; text_letter_spacing=&#8221;2px&#8221; text_line_height=&#8221;2em&#8221; text_orientation=&#8221;center&#8221; background_layout=&#8221;dark&#8221; custom_padding=&#8221;1px|||||&#8221; animation_style=&#8221;fade&#8221; animation_duration=&#8221;1350ms&#8221; border_width_top=&#8221;5px&#8221; border_color_top=&#8221;#C9A969&#8243; border_width_bottom=&#8221;5px&#8221; border_color_bottom=&#8221;#C9A969&#8243; global_colors_info=&#8221;{}&#8221;]<\/p>\n<p><span style=\"color: #c9a969;\">NOS MISSIONS<\/span><\/p>\n<p>[\/et_pb_text][\/et_pb_column][\/et_pb_row][et_pb_row column_structure=&#8221;1_3,1_3,1_3&#8243; _builder_version=&#8221;4.16&#8243; _module_preset=&#8221;default&#8221; global_colors_info=&#8221;{}&#8221;][et_pb_column type=&#8221;1_3&#8243; _builder_version=&#8221;4.16&#8243; _module_preset=&#8221;default&#8221; global_colors_info=&#8221;{}&#8221;][et_pb_text _builder_version=&#8221;4.16&#8243; _module_preset=&#8221;default&#8221; text_text_color=&#8221;#C9A969&#8243; text_font_size=&#8221;22px&#8221; animation_style=&#8221;fade&#8221; animation_duration=&#8221;2000ms&#8221; global_colors_info=&#8221;{}&#8221;]<\/p>\n<p style=\"text-align: center;\"><strong>EXPERTISE COMPTABLE<\/strong><\/p>\n<p>[\/et_pb_text][et_pb_divider _builder_version=&#8221;4.16&#8243; _module_preset=&#8221;default&#8221; animation_style=&#8221;fade&#8221; animation_duration=&#8221;2000ms&#8221; global_colors_info=&#8221;{}&#8221;][\/et_pb_divider][et_pb_text _builder_version=&#8221;4.16&#8243; _module_preset=&#8221;default&#8221; text_font=&#8221;|||||on|||&#8221; text_text_color=&#8221;#FFFFFF&#8221; text_font_size=&#8221;16px&#8221; text_orientation=&#8221;justified&#8221; custom_margin=&#8221;||44px|||&#8221; animation_style=&#8221;fade&#8221; animation_duration=&#8221;2000ms&#8221; global_colors_info=&#8221;{}&#8221;]<\/p>\n<p><span style=\"color: #22394b;\">Nous vous apportons notre expertise et notre savoir-faire et vous accompagnons dans la r\u00e9alisation de vos <strong>obligations comptables fiscales, sociales et juridiques<\/strong>, contr\u00f4le de gestion et reporting.<\/span><\/p>\n<p><span style=\"color: #22394b;\">Une <strong>offre de service personnalis\u00e9e<\/strong> selon vos besoins et vos contraintes.<\/span><\/p>\n<p>[\/et_pb_text][et_pb_button button_url=&#8221;https:\/\/mkfinance.fr\/?page_id=875&#8243; button_text=&#8221;Lire plus&#8221; button_alignment=&#8221;center&#8221; _builder_version=&#8221;4.16&#8243; _module_preset=&#8221;default&#8221; custom_button=&#8221;on&#8221; button_text_color=&#8221;#C9A969&#8243; background_layout=&#8221;dark&#8221; animation_style=&#8221;fade&#8221; animation_duration=&#8221;2000ms&#8221; global_colors_info=&#8221;{}&#8221;][\/et_pb_button][\/et_pb_column][et_pb_column type=&#8221;1_3&#8243; _builder_version=&#8221;4.16&#8243; _module_preset=&#8221;default&#8221; global_colors_info=&#8221;{}&#8221;][et_pb_text _builder_version=&#8221;4.16&#8243; _module_preset=&#8221;default&#8221; text_text_color=&#8221;#C9A969&#8243; text_font_size=&#8221;22px&#8221; animation_style=&#8221;fade&#8221; animation_duration=&#8221;2000ms&#8221; global_colors_info=&#8221;{}&#8221;]<\/p>\n<p style=\"text-align: center;\"><strong>CONSEIL<\/strong><\/p>\n<p>[\/et_pb_text][et_pb_divider _builder_version=&#8221;4.16&#8243; _module_preset=&#8221;default&#8221; animation_style=&#8221;fade&#8221; animation_duration=&#8221;2000ms&#8221; global_colors_info=&#8221;{}&#8221;][\/et_pb_divider][et_pb_text _builder_version=&#8221;4.16&#8243; _module_preset=&#8221;default&#8221; text_font=&#8221;|||||on|||&#8221; text_text_color=&#8221;#FFFFFF&#8221; text_font_size=&#8221;16px&#8221; text_orientation=&#8221;justified&#8221; custom_margin=&#8221;||5px|||&#8221; custom_padding=&#8221;||23px|||&#8221; animation_style=&#8221;fade&#8221; animation_duration=&#8221;2000ms&#8221; global_colors_info=&#8221;{}&#8221;]<\/p>\n<p><span style=\"color: #22394b;\">En tant que <strong>partenaire cl\u00e9 du dirigeant<\/strong>, nous vous accompagnons dans vos prises de <strong>d\u00e9cisions strat\u00e9giques et op\u00e9rationnelles<\/strong> notamment en mati\u00e8re d&#8217;acquisitions, de cessions, d&#8217;\u00e9valuations, contr\u00f4le des risques.<\/span><\/p>\n<p><span style=\"color: #22394b;\">un accompagnement \u00e0 <strong>valeur ajout\u00e9e pour le succ\u00e8s de vos projets<\/strong>.<\/span><\/p>\n<p>[\/et_pb_text][et_pb_button button_url=&#8221;https:\/\/mkfinance.fr\/?page_id=877&#8243; button_text=&#8221;Lire plus&#8221; button_alignment=&#8221;center&#8221; _builder_version=&#8221;4.16&#8243; _module_preset=&#8221;default&#8221; custom_button=&#8221;on&#8221; button_text_color=&#8221;#C9A969&#8243; background_layout=&#8221;dark&#8221; animation_style=&#8221;fade&#8221; animation_duration=&#8221;2000ms&#8221; global_colors_info=&#8221;{}&#8221;][\/et_pb_button][\/et_pb_column][et_pb_column type=&#8221;1_3&#8243; _builder_version=&#8221;4.16&#8243; _module_preset=&#8221;default&#8221; global_colors_info=&#8221;{}&#8221;][et_pb_text _builder_version=&#8221;4.16&#8243; _module_preset=&#8221;default&#8221; text_text_color=&#8221;#C9A969&#8243; text_font_size=&#8221;22px&#8221; animation_style=&#8221;fade&#8221; animation_duration=&#8221;2000ms&#8221; global_colors_info=&#8221;{}&#8221;]<\/p>\n<p style=\"text-align: center;\"><strong>AUDIT<\/strong><\/p>\n<p>[\/et_pb_text][et_pb_divider _builder_version=&#8221;4.16&#8243; _module_preset=&#8221;default&#8221; animation_style=&#8221;fade&#8221; animation_duration=&#8221;2000ms&#8221; global_colors_info=&#8221;{}&#8221;][\/et_pb_divider][et_pb_text _builder_version=&#8221;4.16&#8243; _module_preset=&#8221;default&#8221; text_font=&#8221;|||||on|||&#8221; text_text_color=&#8221;#FFFFFF&#8221; text_font_size=&#8221;16px&#8221; text_orientation=&#8221;justified&#8221; custom_margin=&#8221;||46px|||&#8221; custom_padding=&#8221;||0px|||&#8221; animation_style=&#8221;fade&#8221; animation_duration=&#8221;2000ms&#8221; global_colors_info=&#8221;{}&#8221;]<\/p>\n<p><span style=\"color: #22394b;\">Commissaires aux comptes : nous \u00e9mettons une opinion confirmant que les\u00a0 comptes audit\u00e9s donnent une <strong>image fid\u00e8le de la situation \u00e9conomique<\/strong>.<\/span><\/p>\n<p><span style=\"color: #22394b;\">nous r\u00e9alisons \u00e9galement des missions d&#8217;<strong>audit contractuel<\/strong> pour vous accompagner dans toute la vie de l&#8217;entreprise.<\/span><\/p>\n<p>[\/et_pb_text][et_pb_button button_url=&#8221;https:\/\/mkfinance.fr\/?page_id=876&#8243; button_text=&#8221;Lire plus&#8221; button_alignment=&#8221;center&#8221; _builder_version=&#8221;4.16&#8243; _module_preset=&#8221;default&#8221; custom_button=&#8221;on&#8221; button_text_color=&#8221;#C9A969&#8243; transform_scale_tablet=&#8221;&#8221; transform_scale_phone=&#8221;&#8221; transform_scale_last_edited=&#8221;on|phone&#8221; transform_translate_tablet=&#8221;&#8221; transform_translate_phone=&#8221;&#8221; transform_translate_last_edited=&#8221;on|phone&#8221; transform_rotate_tablet=&#8221;&#8221; transform_rotate_phone=&#8221;&#8221; transform_rotate_last_edited=&#8221;on|phone&#8221; transform_skew_tablet=&#8221;&#8221; transform_skew_phone=&#8221;&#8221; transform_skew_last_edited=&#8221;on|phone&#8221; transform_origin_tablet=&#8221;&#8221; transform_origin_phone=&#8221;&#8221; transform_origin_last_edited=&#8221;on|phone&#8221; transform_styles_last_edited=&#8221;on|phone&#8221; background_layout=&#8221;dark&#8221; animation_style=&#8221;fade&#8221; animation_duration=&#8221;2000ms&#8221; transform_styles_tablet=&#8221;&#8221; transform_styles_phone=&#8221;&#8221; global_colors_info=&#8221;{}&#8221;][\/et_pb_button][\/et_pb_column][\/et_pb_row][\/et_pb_section][et_pb_section fb_built=&#8221;1&#8243; _builder_version=&#8221;4.16&#8243; _module_preset=&#8221;default&#8221; background_color=&#8221;#22394B&#8221; min_height=&#8221;77.5px&#8221; custom_margin=&#8221;-6px||-198px|||&#8221; custom_padding=&#8221;0px||2px|||&#8221; global_colors_info=&#8221;{}&#8221;][et_pb_row column_structure=&#8221;1_3,1_3,1_3&#8243; _builder_version=&#8221;4.16&#8243; _module_preset=&#8221;default&#8221; min_height=&#8221;303.5px&#8221; custom_margin=&#8221;|auto|-36px|auto||&#8221; custom_padding=&#8221;0px||97px|||&#8221; animation_style=&#8221;fade&#8221; animation_duration=&#8221;3000ms&#8221; global_colors_info=&#8221;{}&#8221;][et_pb_column type=&#8221;1_3&#8243; _builder_version=&#8221;4.16&#8243; _module_preset=&#8221;default&#8221; global_colors_info=&#8221;{}&#8221;][\/et_pb_column][et_pb_column type=&#8221;1_3&#8243; _builder_version=&#8221;4.16&#8243; _module_preset=&#8221;default&#8221; global_colors_info=&#8221;{}&#8221;][et_pb_image src=&#8221;http:\/\/mkfinance.fr\/wp-content\/uploads\/2021\/12\/LOGO-VDEF-1.png&#8221; title_text=&#8221;LOGO VDEF&#8221; _builder_version=&#8221;4.16&#8243; _module_preset=&#8221;default&#8221; transform_scale_tablet=&#8221;50%|50%&#8221; transform_scale_phone=&#8221;50%|50%&#8221; transform_scale_last_edited=&#8221;on|tablet&#8221; transform_translate_tablet=&#8221;&#8221; transform_translate_phone=&#8221;&#8221; transform_translate_last_edited=&#8221;on|tablet&#8221; transform_rotate_tablet=&#8221;&#8221; transform_rotate_phone=&#8221;&#8221; transform_rotate_last_edited=&#8221;on|tablet&#8221; transform_skew_tablet=&#8221;&#8221; transform_skew_phone=&#8221;&#8221; transform_skew_last_edited=&#8221;on|tablet&#8221; transform_origin_tablet=&#8221;&#8221; transform_origin_phone=&#8221;&#8221; transform_origin_last_edited=&#8221;on|tablet&#8221; transform_styles_last_edited=&#8221;on|tablet&#8221; transform_styles_tablet=&#8221;&#8221; transform_styles_phone=&#8221;&#8221; global_colors_info=&#8221;{}&#8221;][\/et_pb_image][\/et_pb_column][et_pb_column type=&#8221;1_3&#8243; _builder_version=&#8221;4.16&#8243; _module_preset=&#8221;default&#8221; global_colors_info=&#8221;{}&#8221;][\/et_pb_column][\/et_pb_row][\/et_pb_section]<\/p>\n","protected":false},"excerpt":{"rendered":"<p>&nbsp; Nous optimisons vos proc\u00e9dures afin de vous proposer un accompagnement adapt\u00e9. Notre objectif est de vous lib\u00e9rer des t\u00e2ches administratives et de votre comptabilit\u00e9 afin de vous recentrer sur votre c\u0153ur de m\u00e9tier.UN ACCOMPAGNEMENT DE PROXIMITE A CHAQUE ETAPEUne id\u00e9e valid\u00e9e, un march\u00e9 cibl\u00e9 : LANCEZ votre business Tout d&#8217;abord, nos \u00e9quipes vous accompagnent [&hellip;]<\/p>\n","protected":false},"author":1,"featured_media":0,"parent":0,"menu_order":0,"comment_status":"closed","ping_status":"closed","template":"","meta":{"_et_pb_use_builder":"on","_et_pb_old_content":"","_et_gb_content_width":"","om_disable_all_campaigns":false,"_monsterinsights_skip_tracking":false,"_monsterinsights_sitenote_active":false,"_monsterinsights_sitenote_note":"","_monsterinsights_sitenote_category":0,"footnotes":""},"class_list":["post-93","page","type-page","status-publish","hentry"],"_links":{"self":[{"href":"https:\/\/mkfinance.fr\/index.php?rest_route=\/wp\/v2\/pages\/93"}],"collection":[{"href":"https:\/\/mkfinance.fr\/index.php?rest_route=\/wp\/v2\/pages"}],"about":[{"href":"https:\/\/mkfinance.fr\/index.php?rest_route=\/wp\/v2\/types\/page"}],"author":[{"embeddable":true,"href":"https:\/\/mkfinance.fr\/index.php?rest_route=\/wp\/v2\/users\/1"}],"replies":[{"embeddable":true,"href":"https:\/\/mkfinance.fr\/index.php?rest_route=%2Fwp%2Fv2%2Fcomments&post=93"}],"version-history":[{"count":257,"href":"https:\/\/mkfinance.fr\/index.php?rest_route=\/wp\/v2\/pages\/93\/revisions"}],"predecessor-version":[{"id":1051,"href":"https:\/\/mkfinance.fr\/index.php?rest_route=\/wp\/v2\/pages\/93\/revisions\/1051"}],"wp:attachment":[{"href":"https:\/\/mkfinance.fr\/index.php?rest_route=%2Fwp%2Fv2%2Fmedia&parent=93"}],"curies":[{"name":"wp","href":"https:\/\/api.w.org\/{rel}","templated":true}]}}