{"id":562,"date":"2022-01-09T16:55:52","date_gmt":"2022-01-09T15:55:52","guid":{"rendered":"https:\/\/mkfinance.fr\/?page_id=562"},"modified":"2024-02-20T10:35:37","modified_gmt":"2024-02-20T09:35:37","slug":"mentions-legales","status":"publish","type":"page","link":"https:\/\/mkfinance.fr\/?page_id=562","title":{"rendered":"MENTIONS LEGALES"},"content":{"rendered":"<p>[et_pb_section fb_built=&#8221;1&#8243; _builder_version=&#8221;4.14.4&#8243; _module_preset=&#8221;default&#8221; background_color=&#8221;#22394B&#8221; custom_padding=&#8221;54px|||||&#8221; global_colors_info=&#8221;{}&#8221;][et_pb_row _builder_version=&#8221;4.14.4&#8243; _module_preset=&#8221;default&#8221; custom_padding=&#8221;27px|||||&#8221; global_colors_info=&#8221;{}&#8221;][et_pb_column type=&#8221;4_4&#8243; _builder_version=&#8221;4.14.4&#8243; _module_preset=&#8221;default&#8221; global_colors_info=&#8221;{}&#8221;][et_pb_text _builder_version=&#8221;4.14.7&#8243; _module_preset=&#8221;default&#8221; text_font=&#8221;Montserrat||||||||&#8221; text_text_color=&#8221;#FFFFFF&#8221; header_font=&#8221;Montserrat|||on|||||&#8221; header_text_align=&#8221;center&#8221; header_text_color=&#8221;#C9A969&#8243; text_orientation=&#8221;justified&#8221; background_layout=&#8221;dark&#8221; global_colors_info=&#8221;{}&#8221;]<\/p>\n<h1>MENTIONS L\u00c9GALES<\/h1>\n<p>&nbsp;<\/p>\n<div class=\"extra-wrap_associes\">\n<p><span style=\"font-size: medium; color: #c9a969;\">CONDITIONS GENERALES D&#8217;UTILISATION DU SITE <\/span><span style=\"color: #ffffff; font-size: medium;\"><a href=\"http:\/\/www.naolys-associes.fr\/\" style=\"color: #ffffff;\">www.mkfinance.fr<\/a><\/span><\/p>\n<p>Il est imp\u00e9ratif que tout Utilisateur prenne connaissance des pr\u00e9sentes Conditions G\u00e9n\u00e9rales d&#8217;Utilisation (ci-apr\u00e8s d\u00e9sign\u00e9es \u00ab CGU \u00bb) qui d\u00e9finissent les r\u00e8gles d&#8217;utilisation du pr\u00e9sent site web. La simple utilisation du pr\u00e9sent site web suppose l&#8217;acceptation pleine et enti\u00e8re des CGU.<\/p>\n<p><span style=\"color: #c9a969;\">INFORMATIONS L\u00c9GALES<\/span><\/p>\n<p>Le pr\u00e9sent site web est \u00e9dit\u00e9 par la soci\u00e9t\u00e9 MK Finance, soci\u00e9t\u00e9 d&#8217;expertise-comptable inscrite au tableau de l&#8217;Ordre de la r\u00e9gion Paris Ile-de-France et de Mamoudzou, S.A.S. au capital de 2.000 euros, dont le si\u00e8ge social est 7 rue Philippe Balas 78740 Vaux-Sur-Seine, France, immatricul\u00e9e au Registre du Commerce et des Soci\u00e9t\u00e9s de Versailles sous le num\u00e9ro 901629204 ;<\/p>\n<p>Le terme \u00ab MK Finance \u00bb, marque d\u00e9pos\u00e9e, regroupe les activit\u00e9s d&#8217;audit, de conseil et d&#8217;expertise-comptable log\u00e9es selon la r\u00e9glementation.<\/p>\n<p>Les coordonn\u00e9es de MK Finance sont :\u00a0<span style=\"color: #ffffff;\"><a href=\"mailto:contact@mkfinance.fr\" style=\"color: #ffffff;\">contact@mkfinance.fr<\/a><\/span><\/p>\n<p>Les directeurs de la publication sont Messieurs Amiriade Maoulida et Jean-Mina Khalil.<\/p>\n<p>Le pr\u00e9sent site web est h\u00e9berg\u00e9 par la soci\u00e9t\u00e9 Hostinger dont le si\u00e8ge social est situ\u00e9\u0301 HOSTINGER INTERNATIONAL LTD, 61 Lordou Vironos Street, 6023 Larnaca, Chypre, joignable par le moyen suivant : https:\/\/www.hostinger.fr\/contact.<\/p>\n<p><span style=\"color: #c9a969; font-size: 13px;\">RESPECT DE LA PROPRIETE INTELLECTUELLE<\/span><\/p>\n<p>Toutes les marques, photographies, textes, commentaires, illustrations, images anim\u00e9es ou non, s\u00e9quences vid\u00e9o, sons, ainsi que toutes les applications informatiques qui pourraient \u00eatre utilis\u00e9es pour faire fonctionner le Site et plus g\u00e9n\u00e9ralement tous les \u00e9l\u00e9ments reproduits ou utilis\u00e9s sur le Site sont prot\u00e9g\u00e9s par les lois en vigueur au titre de la propri\u00e9t\u00e9\u0301 intellectuelle.<\/p>\n<p>Ils sont la propri\u00e9t\u00e9\u0301 pleine et enti\u00e8re de l\u2019Editeur ou de ses partenaires, sauf mentions particuli\u00e8res. Toute reproduction, repr\u00e9sentation, utilisation ou adaptation, sous quelque forme que ce soit, de tout ou partie de ces \u00e9l\u00e9ments, y compris les applications informatiques, sans l\u2019accord pr\u00e9alable et \u00e9crit de l\u2019Editeur, sont strictement interdites. Le fait pour l\u2019Editeur de ne pas engager de proc\u00e9dure d\u00e8s la prise de connaissance de ces utilisations non autoris\u00e9es ne vaut pas acceptation desdites utilisations et renonciation aux poursuites.<\/p>\n<p>Seule l\u2019utilisation pour un usage prive\u0301 dans un cercle de famille est autoris\u00e9e et toute autre utilisation est constitutive de contrefa\u00e7on et\/ou d\u2019atteinte aux droits voisins, sanctionn\u00e9es par Code de la propri\u00e9t\u00e9\u0301 intellectuelle.<\/p>\n<p>La reprise de tout ou partie de ce contenu n\u00e9cessite l\u2019autorisation pr\u00e9alable de l\u2019Editeur ou du titulaire des droits sur ce contenu.<\/p>\n<p><span style=\"color: #c9a969; font-size: 13px;\">LIENS HYPERTEXTES<\/span><\/p>\n<p>Le Site peut contenir des liens hypertexte donnant acc\u00e8s a\u0300 d\u2019autres sites web \u00e9dit\u00e9s et g\u00e9r\u00e9s par des tiers et non par l\u2019Editeur. L\u2019Editeur ne pourra \u00eatre tenu responsable directement ou indirectement dans le cas ou\u0300 lesdits sites tiers ne respecteraient pas les dispositions l\u00e9gales.<\/p>\n<p>La cr\u00e9ation de liens hypertexte vers le Site ne peut \u00eatre faite qu\u2019avec l\u2019autorisation \u00e9crite et pr\u00e9alable de l\u2019Editeur.<\/p>\n<p>&nbsp;<\/p>\n<p><span>Les pr\u00e9sentes CGU ont \u00e9t\u00e9 mises \u00e0 jour le 10 janvier 2024.<\/span><\/p>\n<\/div>\n<p>[\/et_pb_text][\/et_pb_column][\/et_pb_row][\/et_pb_section]<\/p>\n","protected":false},"excerpt":{"rendered":"<p>MENTIONS L\u00c9GALES &nbsp; CONDITIONS GENERALES D&#8217;UTILISATION DU SITE www.mkfinance.fr Il est imp\u00e9ratif que tout Utilisateur prenne connaissance des pr\u00e9sentes Conditions G\u00e9n\u00e9rales d&#8217;Utilisation (ci-apr\u00e8s d\u00e9sign\u00e9es \u00ab CGU \u00bb) qui d\u00e9finissent les r\u00e8gles d&#8217;utilisation du pr\u00e9sent site web. La simple utilisation du pr\u00e9sent site web suppose l&#8217;acceptation pleine et enti\u00e8re des CGU. INFORMATIONS L\u00c9GALES Le pr\u00e9sent site [&hellip;]<\/p>\n","protected":false},"author":1,"featured_media":0,"parent":0,"menu_order":0,"comment_status":"closed","ping_status":"closed","template":"","meta":{"_et_pb_use_builder":"on","_et_pb_old_content":"","_et_gb_content_width":"","om_disable_all_campaigns":false,"_monsterinsights_skip_tracking":false,"_monsterinsights_sitenote_active":false,"_monsterinsights_sitenote_note":"","_monsterinsights_sitenote_category":0,"footnotes":""},"class_list":["post-562","page","type-page","status-publish","hentry"],"_links":{"self":[{"href":"https:\/\/mkfinance.fr\/index.php?rest_route=\/wp\/v2\/pages\/562"}],"collection":[{"href":"https:\/\/mkfinance.fr\/index.php?rest_route=\/wp\/v2\/pages"}],"about":[{"href":"https:\/\/mkfinance.fr\/index.php?rest_route=\/wp\/v2\/types\/page"}],"author":[{"embeddable":true,"href":"https:\/\/mkfinance.fr\/index.php?rest_route=\/wp\/v2\/users\/1"}],"replies":[{"embeddable":true,"href":"https:\/\/mkfinance.fr\/index.php?rest_route=%2Fwp%2Fv2%2Fcomments&post=562"}],"version-history":[{"count":8,"href":"https:\/\/mkfinance.fr\/index.php?rest_route=\/wp\/v2\/pages\/562\/revisions"}],"predecessor-version":[{"id":1032,"href":"https:\/\/mkfinance.fr\/index.php?rest_route=\/wp\/v2\/pages\/562\/revisions\/1032"}],"wp:attachment":[{"href":"https:\/\/mkfinance.fr\/index.php?rest_route=%2Fwp%2Fv2%2Fmedia&parent=562"}],"curies":[{"name":"wp","href":"https:\/\/api.w.org\/{rel}","templated":true}]}}